{"id":150,"date":"2012-10-16T10:23:51","date_gmt":"2012-10-16T08:23:51","guid":{"rendered":"http:\/\/f5len.org\/blog\/?page_id=150"},"modified":"2012-10-17T15:13:08","modified_gmt":"2012-10-17T13:13:08","slug":"ligne-grise","status":"publish","type":"page","link":"http:\/\/f5len.org\/blog\/introduction-a-lotw\/ligne-grise\/","title":{"rendered":"Ligne grise"},"content":{"rendered":"<p>Il y a quelques ann\u00e9es maintenant j&rsquo;avais programm\u00e9 un script PHP me permettant de visualiser la position de la ligne grise (gray line) pour le webcluster.<br \/>\nPour mon amusement, je viens de cr\u00e9er une collection de scripts utilisant d&rsquo;autres images de la terre. J&rsquo;ai d\u00e9cid\u00e9 de partager ces images afin que chacun puisse int\u00e9grer ces images \u00e0 son site web de la fa\u00e7on la plus simple.<\/p>\n<p><strong>Quelques exemples:<\/strong><\/p>\n<p><strong><br \/>\n<\/strong>tailles: 200&#215;100 200&#215;400 800&#215;600<\/p>\n<p><a href=\"http:\/\/f5len.org\/blog\/wp-content\/uploads\/2012\/10\/sun4_200.jpg\"><img loading=\"lazy\" decoding=\"async\" class=\"alignleft size-full wp-image-151\" title=\"sun4_200\" src=\"http:\/\/f5len.org\/blog\/wp-content\/uploads\/2012\/10\/sun4_200.jpg\" alt=\"\" width=\"200\" height=\"100\" \/><\/a><\/p>\n<p>&nbsp;<\/p>\n<p>&nbsp;<\/p>\n<p>&nbsp;<\/p>\n<p><a href=\"http:\/\/f5len.org\/blog\/wp-content\/uploads\/2012\/10\/sun4.jpg\"><img loading=\"lazy\" decoding=\"async\" class=\"alignleft size-full wp-image-152\" title=\"sun4\" src=\"http:\/\/f5len.org\/blog\/wp-content\/uploads\/2012\/10\/sun4.jpg\" alt=\"\" width=\"400\" height=\"200\" srcset=\"http:\/\/f5len.org\/blog\/wp-content\/uploads\/2012\/10\/sun4.jpg 400w, http:\/\/f5len.org\/blog\/wp-content\/uploads\/2012\/10\/sun4-300x150.jpg 300w\" sizes=\"auto, (max-width: 400px) 100vw, 400px\" \/><\/a><\/p>\n<p>&nbsp;<\/p>\n<p>&nbsp;<\/p>\n<p>&nbsp;<\/p>\n<p style=\"text-align: left;\"><a href=\"http:\/\/f5len.org\/blog\/wp-content\/uploads\/2012\/10\/sun4_800.jpg\"><img loading=\"lazy\" decoding=\"async\" class=\"alignleft  wp-image-153\" title=\"sun4_800\" src=\"http:\/\/f5len.org\/blog\/wp-content\/uploads\/2012\/10\/sun4_800.jpg\" alt=\"\" width=\"800\" height=\"401\" srcset=\"http:\/\/f5len.org\/blog\/wp-content\/uploads\/2012\/10\/sun4_800.jpg 800w, http:\/\/f5len.org\/blog\/wp-content\/uploads\/2012\/10\/sun4_800-300x150.jpg 300w, http:\/\/f5len.org\/blog\/wp-content\/uploads\/2012\/10\/sun4_800-500x250.jpg 500w\" sizes=\"auto, (max-width: 800px) 100vw, 800px\" \/><\/a><\/p>\n<p>&nbsp;<\/p>\n<p>&nbsp;<\/p>\n<p>&nbsp;<\/p>\n<p>&nbsp;<\/p>\n<p>Pour int\u00e9grer une des images ci-dessous, il suffit de copier la ligne de code suivante et la coller \u00e0 l&rsquo;endroit o\u00f9 vous voulez voir\u00a0appara\u00eetre\u00a0l&rsquo;image.<\/p>\n<p>&lt;img src=\u00a0\u00bbhttp:\/\/f5len.free.fr\/sun\/sun1\/grey.php\u00a0\u00bb&gt;<\/p>\n<p>&lt;img src=\u00a0\u00bbhttp:\/\/f5len.free.fr\/sun\/sun1\/grey400.php\u00a0\u00bb&gt;<\/p>\n<p>&lt;img src=\u00a0\u00bbhttp:\/\/f5len.free.fr\/sun\/sun1\/grey200.php\u00a0\u00bb&gt;<\/p>\n<p>Il faut changer le r\u00e9pertoire de l&rsquo;url pour changer de type d&rsquo;image (sun1, sun2, sun3 etc). La taille est fix\u00e9e en fonction du script choisi:<br \/>\ngrey.php pour 800&#215;600<br \/>\ngrey400.php pour 400&#215;200<br \/>\ngrey200.php pour 200&#215;100<\/p>\n<p><strong>Les diff\u00e9rents types d&rsquo;images<\/strong><\/p>\n<p>1- V\u00e9g\u00e9tation<br \/>\n&lt;img src=\u00a0\u00bbhttp:\/\/f5len.free.fr\/sun\/sun1\/grey400.php\u00a0\u00bb&gt;<\/p>\n<p><a href=\"http:\/\/f5len.org\/blog\/wp-content\/uploads\/2012\/10\/sun1.jpg\"><img loading=\"lazy\" decoding=\"async\" class=\"alignleft size-full wp-image-154\" title=\"sun1\" src=\"http:\/\/f5len.org\/blog\/wp-content\/uploads\/2012\/10\/sun1.jpg\" alt=\"\" width=\"400\" height=\"200\" srcset=\"http:\/\/f5len.org\/blog\/wp-content\/uploads\/2012\/10\/sun1.jpg 400w, http:\/\/f5len.org\/blog\/wp-content\/uploads\/2012\/10\/sun1-300x150.jpg 300w\" sizes=\"auto, (max-width: 400px) 100vw, 400px\" \/><\/a><\/p>\n<p>&nbsp;<\/p>\n<p>&nbsp;<\/p>\n<p>&nbsp;<\/p>\n<p>&nbsp;<\/p>\n<p>&nbsp;<\/p>\n<p>&nbsp;<\/p>\n<p>2 &#8211; Noir et blanc<\/p>\n<p>&lt;img src=\u00a0\u00bbhttp:\/\/f5len.free.fr\/sun\/sun2\/grey400.php\u00a0\u00bb&gt;<br \/>\n<a href=\"http:\/\/f5len.org\/blog\/wp-content\/uploads\/2012\/10\/sun2.jpg\"><img loading=\"lazy\" decoding=\"async\" class=\"alignleft size-full wp-image-155\" title=\"sun2\" src=\"http:\/\/f5len.org\/blog\/wp-content\/uploads\/2012\/10\/sun2.jpg\" alt=\"\" width=\"400\" height=\"200\" srcset=\"http:\/\/f5len.org\/blog\/wp-content\/uploads\/2012\/10\/sun2.jpg 400w, http:\/\/f5len.org\/blog\/wp-content\/uploads\/2012\/10\/sun2-300x150.jpg 300w\" sizes=\"auto, (max-width: 400px) 100vw, 400px\" \/><\/a><\/p>\n<p>&nbsp;<\/p>\n<p>&nbsp;<\/p>\n<p>&nbsp;<\/p>\n<p>&nbsp;<\/p>\n<p>&nbsp;<\/p>\n<p>3 &#8211; Pr\u00e9cipitations<br \/>\n&lt;img src=\u00a0\u00bbhttp:\/\/f5len.free.fr\/sun\/sun3\/grey400.php\u00a0\u00bb&gt;<br \/>\n<a href=\"http:\/\/f5len.org\/blog\/wp-content\/uploads\/2012\/10\/sun3.jpg\"><img loading=\"lazy\" decoding=\"async\" class=\"alignleft size-full wp-image-156\" title=\"sun3\" src=\"http:\/\/f5len.org\/blog\/wp-content\/uploads\/2012\/10\/sun3.jpg\" alt=\"\" width=\"400\" height=\"200\" srcset=\"http:\/\/f5len.org\/blog\/wp-content\/uploads\/2012\/10\/sun3.jpg 400w, http:\/\/f5len.org\/blog\/wp-content\/uploads\/2012\/10\/sun3-300x150.jpg 300w\" sizes=\"auto, (max-width: 400px) 100vw, 400px\" \/><\/a><\/p>\n<p>&nbsp;<\/p>\n<p>&nbsp;<\/p>\n<p>&nbsp;<\/p>\n<p>&nbsp;<\/p>\n<p>&nbsp;<\/p>\n<p>4 &#8211; Temp\u00e9ratures<br \/>\n&lt;img src=\u00a0\u00bbhttp:\/\/f5len.free.fr\/sun\/sun4\/grey400.php\u00a0\u00bb&gt;<br \/>\n<a href=\"http:\/\/f5len.org\/blog\/wp-content\/uploads\/2012\/10\/sun41.jpg\"><img loading=\"lazy\" decoding=\"async\" class=\"alignleft size-full wp-image-157\" title=\"sun4\" src=\"http:\/\/f5len.org\/blog\/wp-content\/uploads\/2012\/10\/sun41.jpg\" alt=\"\" width=\"400\" height=\"200\" srcset=\"http:\/\/f5len.org\/blog\/wp-content\/uploads\/2012\/10\/sun41.jpg 400w, http:\/\/f5len.org\/blog\/wp-content\/uploads\/2012\/10\/sun41-300x150.jpg 300w\" sizes=\"auto, (max-width: 400px) 100vw, 400px\" \/><\/a><\/p>\n<p>&nbsp;<\/p>\n<p>&nbsp;<\/p>\n<p>&nbsp;<\/p>\n<p>&nbsp;<\/p>\n<p>&nbsp;<\/p>\n<p>5 &#8211; Populations<br \/>\n&lt;img src=\u00a0\u00bbhttp:\/\/f5len.free.fr\/sun\/sun5\/grey400.php\u00a0\u00bb&gt;<br \/>\n<a href=\"http:\/\/f5len.org\/blog\/wp-content\/uploads\/2012\/10\/sun5.jpg\"><img loading=\"lazy\" decoding=\"async\" class=\"alignleft size-full wp-image-158\" title=\"sun5\" src=\"http:\/\/f5len.org\/blog\/wp-content\/uploads\/2012\/10\/sun5.jpg\" alt=\"\" width=\"400\" height=\"200\" srcset=\"http:\/\/f5len.org\/blog\/wp-content\/uploads\/2012\/10\/sun5.jpg 400w, http:\/\/f5len.org\/blog\/wp-content\/uploads\/2012\/10\/sun5-300x150.jpg 300w\" sizes=\"auto, (max-width: 400px) 100vw, 400px\" \/><\/a><\/p>\n<p>&nbsp;<\/p>\n<p>&nbsp;<\/p>\n<p>&nbsp;<\/p>\n<p>&nbsp;<\/p>\n<p>&nbsp;<\/p>\n<p>6 &#8211; Topographie<br \/>\n&lt;img src=\u00a0\u00bbhttp:\/\/f5len.free.fr\/sun\/sun6\/grey400.php\u00a0\u00bb&gt;<br \/>\n<a href=\"http:\/\/f5len.org\/blog\/wp-content\/uploads\/2012\/10\/sun6.jpg\"><img loading=\"lazy\" decoding=\"async\" class=\"alignleft size-full wp-image-159\" title=\"sun6\" src=\"http:\/\/f5len.org\/blog\/wp-content\/uploads\/2012\/10\/sun6.jpg\" alt=\"\" width=\"400\" height=\"200\" srcset=\"http:\/\/f5len.org\/blog\/wp-content\/uploads\/2012\/10\/sun6.jpg 400w, http:\/\/f5len.org\/blog\/wp-content\/uploads\/2012\/10\/sun6-300x150.jpg 300w\" sizes=\"auto, (max-width: 400px) 100vw, 400px\" \/><\/a><\/p>\n<p>&nbsp;<\/p>\n<p>&nbsp;<\/p>\n<p>&nbsp;<\/p>\n<p>&nbsp;<\/p>\n<p>&nbsp;<\/p>\n<p>7 &#8211; Centr\u00e9e sur la pacifique<br \/>\n&lt;img src=\u00a0\u00bbhttp:\/\/f5len.free.fr\/sun\/sun7\/grey400.php\u00a0\u00bb&gt;<br \/>\n<a href=\"http:\/\/f5len.org\/blog\/wp-content\/uploads\/2012\/10\/sun7.jpg\"><img loading=\"lazy\" decoding=\"async\" class=\"alignleft size-full wp-image-160\" title=\"sun7\" src=\"http:\/\/f5len.org\/blog\/wp-content\/uploads\/2012\/10\/sun7.jpg\" alt=\"\" width=\"400\" height=\"251\" srcset=\"http:\/\/f5len.org\/blog\/wp-content\/uploads\/2012\/10\/sun7.jpg 400w, http:\/\/f5len.org\/blog\/wp-content\/uploads\/2012\/10\/sun7-300x188.jpg 300w\" sizes=\"auto, (max-width: 400px) 100vw, 400px\" \/><\/a><\/p>\n<p>&nbsp;<\/p>\n<p>&nbsp;<\/p>\n<p>&nbsp;<\/p>\n<p>&nbsp;<\/p>\n<p>&nbsp;<\/p>\n<p>&nbsp;<\/p>\n<p>8 &#8211; Centr\u00e9e sur les continent am\u00e9ricains<br \/>\n&lt;img src=\u00a0\u00bbhttp:\/\/f5len.free.fr\/sun\/sun8\/grey400.php\u00a0\u00bb&gt;<br \/>\n<a href=\"http:\/\/f5len.org\/blog\/wp-content\/uploads\/2012\/10\/sun8.jpg\"><img loading=\"lazy\" decoding=\"async\" class=\"alignleft size-full wp-image-161\" title=\"sun8\" src=\"http:\/\/f5len.org\/blog\/wp-content\/uploads\/2012\/10\/sun8.jpg\" alt=\"\" width=\"400\" height=\"216\" srcset=\"http:\/\/f5len.org\/blog\/wp-content\/uploads\/2012\/10\/sun8.jpg 400w, http:\/\/f5len.org\/blog\/wp-content\/uploads\/2012\/10\/sun8-300x162.jpg 300w\" sizes=\"auto, (max-width: 400px) 100vw, 400px\" \/><\/a><\/p>\n<p>&nbsp;<\/p>\n<p>&nbsp;<\/p>\n<p>&nbsp;<\/p>\n<p>&nbsp;<\/p>\n<p>&nbsp;<\/p>\n<p>10 &#8211; La t\u00eate \u00e0 l&rsquo;envers<br \/>\n&lt;img src=\u00a0\u00bbhttp:\/\/f5len.free.fr\/sun\/sun10\/grey400.php\u00a0\u00bb&gt;<\/p>\n<p><a href=\"http:\/\/f5len.org\/blog\/wp-content\/uploads\/2012\/10\/sun10.jpg\"><img loading=\"lazy\" decoding=\"async\" class=\"alignleft size-full wp-image-162\" title=\"sun10\" src=\"http:\/\/f5len.org\/blog\/wp-content\/uploads\/2012\/10\/sun10.jpg\" alt=\"\" width=\"400\" height=\"200\" srcset=\"http:\/\/f5len.org\/blog\/wp-content\/uploads\/2012\/10\/sun10.jpg 400w, http:\/\/f5len.org\/blog\/wp-content\/uploads\/2012\/10\/sun10-300x150.jpg 300w\" sizes=\"auto, (max-width: 400px) 100vw, 400px\" \/><\/a><\/p>\n<p>&nbsp;<\/p>\n<p>&nbsp;<\/p>\n<p>&nbsp;<\/p>\n<p>&nbsp;<\/p>\n<p>&nbsp;<\/p>\n","protected":false},"excerpt":{"rendered":"<p>Il y a quelques ann\u00e9es maintenant j&rsquo;avais programm\u00e9 un script PHP me permettant de visualiser la position de la ligne grise (gray line) pour le webcluster. Pour mon amusement, je viens de cr\u00e9er une collection de scripts utilisant d&rsquo;autres images &hellip; <a href=\"http:\/\/f5len.org\/blog\/introduction-a-lotw\/ligne-grise\/\">Continuer la lecture <span class=\"meta-nav\">&rarr;<\/span><\/a><\/p>\n","protected":false},"author":1,"featured_media":0,"parent":147,"menu_order":1,"comment_status":"closed","ping_status":"open","template":"","meta":{"footnotes":""},"class_list":["post-150","page","type-page","status-publish","hentry"],"_links":{"self":[{"href":"http:\/\/f5len.org\/blog\/wp-json\/wp\/v2\/pages\/150","targetHints":{"allow":["GET"]}}],"collection":[{"href":"http:\/\/f5len.org\/blog\/wp-json\/wp\/v2\/pages"}],"about":[{"href":"http:\/\/f5len.org\/blog\/wp-json\/wp\/v2\/types\/page"}],"author":[{"embeddable":true,"href":"http:\/\/f5len.org\/blog\/wp-json\/wp\/v2\/users\/1"}],"replies":[{"embeddable":true,"href":"http:\/\/f5len.org\/blog\/wp-json\/wp\/v2\/comments?post=150"}],"version-history":[{"count":17,"href":"http:\/\/f5len.org\/blog\/wp-json\/wp\/v2\/pages\/150\/revisions"}],"predecessor-version":[{"id":218,"href":"http:\/\/f5len.org\/blog\/wp-json\/wp\/v2\/pages\/150\/revisions\/218"}],"up":[{"embeddable":true,"href":"http:\/\/f5len.org\/blog\/wp-json\/wp\/v2\/pages\/147"}],"wp:attachment":[{"href":"http:\/\/f5len.org\/blog\/wp-json\/wp\/v2\/media?parent=150"}],"curies":[{"name":"wp","href":"https:\/\/api.w.org\/{rel}","templated":true}]}}