{"id":664,"date":"2013-07-11T15:15:37","date_gmt":"2013-07-11T13:15:37","guid":{"rendered":"http:\/\/f5len.org\/blog\/?page_id=664"},"modified":"2026-02-05T10:23:14","modified_gmt":"2026-02-05T09:23:14","slug":"projets","status":"publish","type":"page","link":"http:\/\/f5len.org\/blog\/projets\/","title":{"rendered":"Projets"},"content":{"rendered":"<p>Antennes<\/p>\n<ul>\n<li><span style=\"line-height: 15px;\"><a title=\"Cubical quad 2 \u00e9l\u00e9ments 5 bandes\" href=\"http:\/\/f5len.org\/blog\/?p=256\">Cubical quad 2 \u00e9lements 5 bandes HF<\/a> (14, 18, 21, 24 et 28MHz)<\/span><\/li>\n<\/ul>\n<p>Informatique<\/p>\n<ul>\n<li><span style=\"line-height: 15px;\"><a href=\"http:\/\/cluster.f5len.org\" target=\"_blank\" rel=\"noopener noreferrer\">Webcluster<\/a> depuis 2004<\/span><\/li>\n<li><a href=\"http:\/\/cluster.f5len.org\/index.php?p=tropo\" target=\"_blank\" rel=\"noopener noreferrer\">Pr\u00e9visions \u00e0 8 jours de l&rsquo;indice de r\u00e9fraction<\/a> (pr\u00e9visions propagation troposph\u00e9rique)<\/li>\n<li>Trouver son locator en explorant une carte ou en saisissant une adresse ou un lieu\u00a0<a href=\"http:\/\/f5len.org\/tools\/locator\/\" target=\"_blank\" rel=\"noopener noreferrer\"> http:\/\/f5len.org\/tools\/locator\/<\/a><\/li>\n<\/ul>\n","protected":false},"excerpt":{"rendered":"<p>Antennes Cubical quad 2 \u00e9lements 5 bandes HF (14, 18, 21, 24 et 28MHz) Informatique Webcluster depuis 2004 Pr\u00e9visions \u00e0 8 jours de l&rsquo;indice de r\u00e9fraction (pr\u00e9visions propagation troposph\u00e9rique) Trouver son locator en explorant une carte ou en saisissant une &hellip; <a href=\"http:\/\/f5len.org\/blog\/projets\/\">Continuer la lecture <span class=\"meta-nav\">&rarr;<\/span><\/a><\/p>\n","protected":false},"author":1,"featured_media":0,"parent":0,"menu_order":0,"comment_status":"closed","ping_status":"closed","template":"","meta":{"footnotes":""},"class_list":["post-664","page","type-page","status-publish","hentry"],"_links":{"self":[{"href":"http:\/\/f5len.org\/blog\/wp-json\/wp\/v2\/pages\/664","targetHints":{"allow":["GET"]}}],"collection":[{"href":"http:\/\/f5len.org\/blog\/wp-json\/wp\/v2\/pages"}],"about":[{"href":"http:\/\/f5len.org\/blog\/wp-json\/wp\/v2\/types\/page"}],"author":[{"embeddable":true,"href":"http:\/\/f5len.org\/blog\/wp-json\/wp\/v2\/users\/1"}],"replies":[{"embeddable":true,"href":"http:\/\/f5len.org\/blog\/wp-json\/wp\/v2\/comments?post=664"}],"version-history":[{"count":4,"href":"http:\/\/f5len.org\/blog\/wp-json\/wp\/v2\/pages\/664\/revisions"}],"predecessor-version":[{"id":1586,"href":"http:\/\/f5len.org\/blog\/wp-json\/wp\/v2\/pages\/664\/revisions\/1586"}],"wp:attachment":[{"href":"http:\/\/f5len.org\/blog\/wp-json\/wp\/v2\/media?parent=664"}],"curies":[{"name":"wp","href":"https:\/\/api.w.org\/{rel}","templated":true}]}}