{"id":1462,"date":"2018-07-18T11:32:19","date_gmt":"2018-07-18T09:32:19","guid":{"rendered":"http:\/\/f5len.org\/blog\/?page_id=1462"},"modified":"2026-02-11T11:21:52","modified_gmt":"2026-02-11T10:21:52","slug":"antenne-verticale-multi-bande","status":"publish","type":"page","link":"https:\/\/f5len.org\/blog\/projets\/antenne-verticale-multi-bande\/","title":{"rendered":"Antenne verticale multi-bandes"},"content":{"rendered":"<p><strong>Introduction<\/strong><\/p>\n<p>J&rsquo;ai utilis\u00e9 pendant plusieurs ann\u00e9es avec un certain succ\u00e8s sur 40 et 30m une antenne verticale constitu\u00e9e d&rsquo;une simple canne \u00e0 p\u00eache de 7,5 m. J&rsquo;avais le projet de mettre \u00e0 jour cette installation pour utiliser un brin rayonnant de 12 m sur les bandes de 80 m \u00e0 30 m. Contraint pas la place comme beaucoup, c&rsquo;est une solution envisageable pour mon terrain pour avoir acc\u00e8s aux bandes les plus basses. Et comme une mauvaise antenne vaut mieux que pas d&rsquo;antenne du tout&#8230;<br \/>\nCe projet a \u00e9t\u00e9 d\u00e9marr\u00e9 \u00e0 l&rsquo;\u00e9t\u00e9 2018.<\/p>\n<p><strong>Brin rayonnant et plan de sol<\/strong><\/p>\n<p><a href=\"http:\/\/f5len.org\/blog\/wp-content\/uploads\/2018\/07\/2018_gp_8.jpg\"><img loading=\"lazy\" decoding=\"async\" class=\"aligncenter size-full wp-image-1478\" src=\"http:\/\/f5len.org\/blog\/wp-content\/uploads\/2018\/07\/2018_gp_8.jpg\" alt=\"\" width=\"925\" height=\"520\" srcset=\"https:\/\/f5len.org\/blog\/wp-content\/uploads\/2018\/07\/2018_gp_8.jpg 925w, https:\/\/f5len.org\/blog\/wp-content\/uploads\/2018\/07\/2018_gp_8-300x169.jpg 300w, https:\/\/f5len.org\/blog\/wp-content\/uploads\/2018\/07\/2018_gp_8-768x432.jpg 768w, https:\/\/f5len.org\/blog\/wp-content\/uploads\/2018\/07\/2018_gp_8-500x281.jpg 500w\" sizes=\"auto, (max-width: 925px) 100vw, 925px\" \/><\/a><\/p>\n<p><a href=\"http:\/\/f5len.org\/blog\/wp-content\/uploads\/2018\/07\/2018_gp_1.png\"><img loading=\"lazy\" decoding=\"async\" class=\"wp-image-1463 size-medium alignleft\" src=\"http:\/\/f5len.org\/blog\/wp-content\/uploads\/2018\/07\/2018_gp_1-300x300.png\" alt=\"\" width=\"300\" height=\"300\" srcset=\"https:\/\/f5len.org\/blog\/wp-content\/uploads\/2018\/07\/2018_gp_1-300x300.png 300w, https:\/\/f5len.org\/blog\/wp-content\/uploads\/2018\/07\/2018_gp_1-150x150.png 150w, https:\/\/f5len.org\/blog\/wp-content\/uploads\/2018\/07\/2018_gp_1-301x300.png 301w, https:\/\/f5len.org\/blog\/wp-content\/uploads\/2018\/07\/2018_gp_1.png 451w\" sizes=\"auto, (max-width: 300px) 100vw, 300px\" \/><\/a>Le brin rayonnant est constitu\u00e9 d&rsquo;un mat Spiderbeam de 12 m install\u00e9 sur un poteau en bois de 7&#215;7 cm utilis\u00e9 pour les cl\u00f4tures. On trouve ca dans les grandes surfaces de bricolage.<\/p>\n<p>&nbsp;<\/p>\n<p>&nbsp;<\/p>\n<p>&nbsp;<\/p>\n<p>&nbsp;<\/p>\n<p>&nbsp;<\/p>\n<p><a href=\"http:\/\/f5len.org\/blog\/wp-content\/uploads\/2018\/07\/2018_gp_2.png\"><img loading=\"lazy\" decoding=\"async\" class=\"size-medium wp-image-1464 alignleft\" src=\"http:\/\/f5len.org\/blog\/wp-content\/uploads\/2018\/07\/2018_gp_2-255x300.png\" alt=\"\" width=\"255\" height=\"300\" srcset=\"https:\/\/f5len.org\/blog\/wp-content\/uploads\/2018\/07\/2018_gp_2-255x300.png 255w, https:\/\/f5len.org\/blog\/wp-content\/uploads\/2018\/07\/2018_gp_2.png 451w\" sizes=\"auto, (max-width: 255px) 100vw, 255px\" \/><\/a>Le poteau est fix\u00e9 au sol par l&rsquo;interm\u00e9diaire d&rsquo;une base \u00e0 enfoncer dans le sol en galva de 70 cm.<br \/>\nLa base \u00e0 planter sert \u00e9galement comme premi\u00e8re prise de terre.<\/p>\n<p>&nbsp;<\/p>\n<p>&nbsp;<\/p>\n<p>&nbsp;<\/p>\n<p>&nbsp;<\/p>\n<p>Le mat Spiderbeam n&rsquo;est pas hauban\u00e9. Il est maintenu sur le poteau par des colliers de chauffage. Simple et rapide \u00e0 d\u00e9monter.<\/p>\n<div id=\"attachment_1466\" style=\"width: 594px\" class=\"wp-caption aligncenter\"><a href=\"http:\/\/f5len.org\/blog\/wp-content\/uploads\/2018\/07\/2018_gp_3.jpg\"><img loading=\"lazy\" decoding=\"async\" aria-describedby=\"caption-attachment-1466\" class=\"wp-image-1466 size-large\" src=\"http:\/\/f5len.org\/blog\/wp-content\/uploads\/2018\/07\/2018_gp_3-1024x576.jpg\" alt=\"\" width=\"584\" height=\"329\" srcset=\"https:\/\/f5len.org\/blog\/wp-content\/uploads\/2018\/07\/2018_gp_3-1024x576.jpg 1024w, https:\/\/f5len.org\/blog\/wp-content\/uploads\/2018\/07\/2018_gp_3-300x169.jpg 300w, https:\/\/f5len.org\/blog\/wp-content\/uploads\/2018\/07\/2018_gp_3-768x432.jpg 768w, https:\/\/f5len.org\/blog\/wp-content\/uploads\/2018\/07\/2018_gp_3-500x281.jpg 500w, https:\/\/f5len.org\/blog\/wp-content\/uploads\/2018\/07\/2018_gp_3.jpg 1645w\" sizes=\"auto, (max-width: 584px) 100vw, 584px\" \/><\/a><p id=\"caption-attachment-1466\" class=\"wp-caption-text\">Collier de fixation<\/p><\/div>\n<p>Le plan de sol est constitu\u00e9 pour le moment de 16 radians de longueurs diverses. L&rsquo;antenne \u00e9tant plant\u00e9e dans la haie en bordure de propri\u00e9t\u00e9, j&rsquo;ai du faire quelques zigzags&#8230;<br \/>\nLes radians sont connect\u00e9s par une des cosses rondes serr\u00e9es sur une vis.<br \/>\nUn piquet de terre a \u00e9t\u00e9 ajout\u00e9.<\/p>\n<p><strong>Simulation des imp\u00e9dances \u00e0 la base<\/strong><\/p>\n<p>J&rsquo;ai fait une rapide simulation de l&rsquo;ensemble pour connaitre les ordres de grandeurs de l\u2019imp\u00e9dance \u00e9quivalente \u00e0 la base de l&rsquo;antenne.<\/p>\n<table style=\"border-collapse: collapse; width: 180pt;\" border=\"0\" width=\"240\" cellspacing=\"0\" cellpadding=\"0\">\n<colgroup>\n<col style=\"width: 60pt;\" span=\"3\" width=\"80\" \/> <\/colgroup>\n<tbody>\n<tr style=\"height: 15.0pt;\">\n<td style=\"height: 15pt; width: 60pt; text-align: left;\" width=\"80\" height=\"20\">\u00a0MHz<\/td>\n<td class=\"xl65\" style=\"width: 60pt; text-align: center;\" width=\"80\">R<\/td>\n<td class=\"xl65\" style=\"width: 60pt; text-align: center;\" width=\"80\">X<\/td>\n<\/tr>\n<tr style=\"height: 15.0pt;\">\n<td style=\"height: 15pt; text-align: left;\" align=\"right\" height=\"20\">1,8<\/td>\n<td style=\"text-align: center;\" align=\"right\">8,9<\/td>\n<td style=\"text-align: center;\" align=\"right\">-1225<\/td>\n<\/tr>\n<tr style=\"height: 15.0pt;\">\n<td style=\"height: 15pt; text-align: left;\" align=\"right\" height=\"20\">3,5<\/td>\n<td style=\"text-align: center;\" align=\"right\">23<\/td>\n<td style=\"text-align: center;\" align=\"right\">-485<\/td>\n<\/tr>\n<tr style=\"height: 15.0pt;\">\n<td style=\"height: 15pt; text-align: left;\" align=\"right\" height=\"20\">5,3<\/td>\n<td style=\"text-align: center;\" align=\"right\">36<\/td>\n<td style=\"text-align: center;\" align=\"right\">-110<\/td>\n<\/tr>\n<tr style=\"height: 15.0pt;\">\n<td style=\"height: 15pt; text-align: left;\" align=\"right\" height=\"20\">7<\/td>\n<td style=\"text-align: center;\" align=\"right\">89<\/td>\n<td style=\"text-align: center;\" align=\"right\">171<\/td>\n<\/tr>\n<tr style=\"height: 15.0pt;\">\n<td style=\"height: 15pt; text-align: left;\" align=\"right\" height=\"20\">10<\/td>\n<td style=\"text-align: center;\" align=\"right\">300<\/td>\n<td style=\"text-align: center;\" align=\"right\">712<\/td>\n<\/tr>\n<\/tbody>\n<\/table>\n<p>Ca va faire un peu de tension sur 160 m&#8230; mais bon. C&rsquo;est juste pour rigoler car le rendement sera m\u00e9diocre.<\/p>\n<p>Pour accorder ce type d&rsquo;antenne, j&rsquo;utiliserai un classique filtre LC. Il existe deux configurations passe-bas et passe-haut.<\/p>\n<p><a href=\"http:\/\/f5len.org\/blog\/wp-content\/uploads\/2018\/07\/2018_gp_4.png\"><img loading=\"lazy\" decoding=\"async\" class=\"aligncenter size-full wp-image-1470\" src=\"http:\/\/f5len.org\/blog\/wp-content\/uploads\/2018\/07\/2018_gp_4.png\" alt=\"\" width=\"473\" height=\"131\" srcset=\"https:\/\/f5len.org\/blog\/wp-content\/uploads\/2018\/07\/2018_gp_4.png 473w, https:\/\/f5len.org\/blog\/wp-content\/uploads\/2018\/07\/2018_gp_4-300x83.png 300w\" sizes=\"auto, (max-width: 473px) 100vw, 473px\" \/><\/a><\/p>\n<p>Seule la seconde configuration donne un r\u00e9sultat math\u00e9matique possible sur toutes<br \/>\nles fr\u00e9quences d\u00e9sir\u00e9es.<\/p>\n<table width=\"240\">\n<tbody>\n<tr>\n<td width=\"80\"><\/td>\n<td width=\"80\">Hi Pass<\/td>\n<td width=\"80\"><\/td>\n<\/tr>\n<tr>\n<td>MHz<\/td>\n<td>L (uH)<\/td>\n<td>C(pF)<\/td>\n<\/tr>\n<tr>\n<td>1,8<\/td>\n<td>76<\/td>\n<td>30<\/td>\n<\/tr>\n<tr>\n<td>3,5<\/td>\n<td>13<\/td>\n<td>63<\/td>\n<\/tr>\n<tr>\n<td>5,3<\/td>\n<td>2<\/td>\n<td>236<\/td>\n<\/tr>\n<tr>\n<td>7<\/td>\n<td>12<\/td>\n<td>165<\/td>\n<\/tr>\n<tr>\n<td>10<\/td>\n<td>8<\/td>\n<td>50<\/td>\n<\/tr>\n<\/tbody>\n<\/table>\n<p><strong>Syst\u00e8me d&rsquo;accord de l&rsquo;antenne<\/strong><\/p>\n<div id=\"attachment_1474\" style=\"width: 650px\" class=\"wp-caption aligncenter\"><a href=\"http:\/\/f5len.org\/blog\/wp-content\/uploads\/2018\/07\/2018_gp_6.jpg\"><img loading=\"lazy\" decoding=\"async\" aria-describedby=\"caption-attachment-1474\" class=\"wp-image-1474 size-full\" src=\"http:\/\/f5len.org\/blog\/wp-content\/uploads\/2018\/07\/2018_gp_6.jpg\" alt=\"\" width=\"640\" height=\"640\" srcset=\"https:\/\/f5len.org\/blog\/wp-content\/uploads\/2018\/07\/2018_gp_6.jpg 640w, https:\/\/f5len.org\/blog\/wp-content\/uploads\/2018\/07\/2018_gp_6-150x150.jpg 150w, https:\/\/f5len.org\/blog\/wp-content\/uploads\/2018\/07\/2018_gp_6-300x300.jpg 300w\" sizes=\"auto, (max-width: 640px) 100vw, 640px\" \/><\/a><p id=\"caption-attachment-1474\" class=\"wp-caption-text\">Relais (bobine 12V)<\/p><\/div>\n<p>Le syst\u00e8me d&rsquo;accord comprend donc un condensateur en s\u00e9rie et une self ramenantle brin rayonnant \u00e0 la terre\u00a0. Petit avantage, la mise \u00e0 la terre \u00e9vacuera les charges statiques qui apparaissent le long du brin rayonnant.<\/p>\n<p>Le condensateur est un condensateur variable 1000 pF \/ 15KV motoris\u00e9. La self fait<br \/>\n~90 uH.\u00a0Des relais Omron de la s\u00e9rie G7L viendront court-circuiter plus ou moins de spires de la self en fonction de la bande.<\/p>\n<p>Un choke balun avec deux tores FT240-43 et RG142 est \u00e0 l&rsquo;entr\u00e9e du circuit.<\/p>\n<div id=\"attachment_1473\" style=\"width: 586px\" class=\"wp-caption aligncenter\"><a href=\"http:\/\/f5len.org\/blog\/wp-content\/uploads\/2018\/07\/2018_gp_5.jpg\"><img loading=\"lazy\" decoding=\"async\" aria-describedby=\"caption-attachment-1473\" class=\"wp-image-1473 size-large\" src=\"http:\/\/f5len.org\/blog\/wp-content\/uploads\/2018\/07\/2018_gp_5-576x1024.jpg\" alt=\"\" width=\"576\" height=\"1024\" srcset=\"https:\/\/f5len.org\/blog\/wp-content\/uploads\/2018\/07\/2018_gp_5-576x1024.jpg 576w, https:\/\/f5len.org\/blog\/wp-content\/uploads\/2018\/07\/2018_gp_5-169x300.jpg 169w, https:\/\/f5len.org\/blog\/wp-content\/uploads\/2018\/07\/2018_gp_5-768x1365.jpg 768w\" sizes=\"auto, (max-width: 576px) 100vw, 576px\" \/><\/a><p id=\"caption-attachment-1473\" class=\"wp-caption-text\">Coffret abritant le syst\u00e8me d&rsquo;accord<\/p><\/div>\n<p><strong>Mise au point<\/strong><\/p>\n<p>Simple. La mise au point consiste \u00e0 trouver la bonne prise sur la self et le r\u00e9glage convenable du CV pour obtenir X=0 \u00e0 la fr\u00e9quence d\u00e9sir\u00e9es sur le VNA.<br \/>\nLes relais sont commut\u00e9s depuis la boite de commande situ\u00e9e \u00e0 la station par un simple commutateur rotatif. Le CV \u00e9quip\u00e9 d&rsquo;un moteur continu est aliment\u00e9 au choix par deux tensions 12V et 6 V (pour une petite vitesse) via un inverseur manuel. On monte ou on descend. Je recopie la position du CV par un potentiom\u00e8tre lin\u00e9aire li\u00e9 \u00e0 l&rsquo;axe du CV.<br \/>\nUn mini-voltm\u00e8tre sur la console de commande donne l&rsquo;information de position.<\/p>\n<div id=\"attachment_1475\" style=\"width: 594px\" class=\"wp-caption aligncenter\"><a href=\"http:\/\/f5len.org\/blog\/wp-content\/uploads\/2018\/07\/2018_gp_7.jpg\"><img loading=\"lazy\" decoding=\"async\" aria-describedby=\"caption-attachment-1475\" class=\"wp-image-1475 size-large\" src=\"http:\/\/f5len.org\/blog\/wp-content\/uploads\/2018\/07\/2018_gp_7-1024x576.jpg\" alt=\"\" width=\"584\" height=\"329\" srcset=\"https:\/\/f5len.org\/blog\/wp-content\/uploads\/2018\/07\/2018_gp_7-1024x576.jpg 1024w, https:\/\/f5len.org\/blog\/wp-content\/uploads\/2018\/07\/2018_gp_7-300x169.jpg 300w, https:\/\/f5len.org\/blog\/wp-content\/uploads\/2018\/07\/2018_gp_7-768x432.jpg 768w, https:\/\/f5len.org\/blog\/wp-content\/uploads\/2018\/07\/2018_gp_7-500x281.jpg 500w\" sizes=\"auto, (max-width: 584px) 100vw, 584px\" \/><\/a><p id=\"caption-attachment-1475\" class=\"wp-caption-text\">Moteur + r\u00e9ducteur, fins de course et potentiom\u00e8tre<span style=\"background-color: #ffffff; color: #333333; font-family: 'Helvetica Neue', Helvetica, Arial, 'Nimbus Sans L', sans-serif; font-size: 15px;\">On trouve facilement un accord sur toutes les fr\u00e9quences d\u00e9sir\u00e9es.<\/span><\/p><\/div>\n<p>Evidemment sur 160 m, la bande passante est fort r\u00e9duite ~20 Khz et n\u00e9cessite de reprendre le r\u00e9glage du CV selon qu&rsquo;on soit en haut ou en bas de bande.<br \/>\nLa partie CW du 3,5 MHz partage la m\u00eame prise sur la self que la bande 7 MHz.<br \/>\nEn revanche, le 3,8 MHz demande une prise diff\u00e9rente.<br \/>\nLe 5,3 MHz n&rsquo;est pas encore en place car il me manque un relais.<br \/>\nLe 10 MHz ne pose pas de probl\u00e8me particulier.<\/p>\n<p><strong>R\u00e9sultats<\/strong><\/p>\n<p>En plein \u00e9t\u00e9, au moment o\u00f9 j&rsquo;\u00e9cris ces lignes (juillet 2018) pas \u00e9vident de se faire une id\u00e9e. Cependant quelques QSO r\u00e9alis\u00e9s sans difficult\u00e9 sur 80 m avec les US en FT8&#8230; (A\u00efe! pas la t\u00eate!) et 50 W.<br \/>\nJ&rsquo;y reviendrai donc plus tard.<\/p>\n<p><strong>Evolutions<\/strong><\/p>\n<p>La prochaine \u00e9tape consistera \u00e0 automatiser le r\u00e9glage de l&rsquo;antenne. Je vais donc m&rsquo;amuser avec Arduino, coupleur directifs, AD8317 etc&#8230; Mais ca fonctionne d\u00e9j\u00e0 tr\u00e8s bien manuellement.<span style=\"color: #ffffff;\">keywords: gp, ground plane antenna, vertcal antenna, 39 ft vertical, Spiderbeam, multi-band verti<a href=\"http:\/\/f5len.org\/blog\/wp-content\/uploads\/2018\/07\/2018_gp_09-e1531942336356.jpg\">20<img loading=\"lazy\" decoding=\"async\" class=\"aligncenter size-large wp-image-1492\" src=\"http:\/\/f5len.org\/blog\/wp-content\/uploads\/2018\/07\/2018_gp_09-e1531942336356-576x1024.jpg\" alt=\"\" width=\"576\" height=\"1024\" srcset=\"https:\/\/f5len.org\/blog\/wp-content\/uploads\/2018\/07\/2018_gp_09-e1531942336356-576x1024.jpg 576w, https:\/\/f5len.org\/blog\/wp-content\/uploads\/2018\/07\/2018_gp_09-e1531942336356-169x300.jpg 169w, https:\/\/f5len.org\/blog\/wp-content\/uploads\/2018\/07\/2018_gp_09-e1531942336356-768x1365.jpg 768w\" sizes=\"auto, (max-width: 576px) 100vw, 576px\" \/><\/a><\/span><\/p>\n<p>2024-2025 Modifications<\/p>\n<p>Apr\u00e8s quelques ann\u00e9es de bons et loyaux services les relais Omron ont fum\u00e9.<br \/>\nNottament les deux pour le 160 et le 80. Evidement l&rsquo;antenne \u00e9tant tr\u00e8s courte pour ces bandes l&rsquo;impedance pr\u00e9sent\u00e9e est \u00e9lev\u00e9e. Et si on force \u00ab\u00a0un peu\u00a0\u00bb&#8230; voil\u00e0 ce qui arrive.<\/p>\n<p><a href=\"http:\/\/f5len.org\/blog\/wp-content\/uploads\/2025\/05\/202505_tuner-rotated.jpg\"><img loading=\"lazy\" decoding=\"async\" class=\"aligncenter size-full wp-image-1786\" src=\"http:\/\/f5len.org\/blog\/wp-content\/uploads\/2025\/05\/202505_tuner-rotated.jpg\" alt=\"\" width=\"482\" height=\"400\" srcset=\"https:\/\/f5len.org\/blog\/wp-content\/uploads\/2025\/05\/202505_tuner-rotated.jpg 482w, https:\/\/f5len.org\/blog\/wp-content\/uploads\/2025\/05\/202505_tuner-300x249.jpg 300w, https:\/\/f5len.org\/blog\/wp-content\/uploads\/2025\/05\/202505_tuner-362x300.jpg 362w\" sizes=\"auto, (max-width: 482px) 100vw, 482px\" \/><\/a><\/p>\n<p>J&rsquo;ai donc approvisionn\u00e9 des relais sous vide sovi\u00e9tiques B1B pour remplacer les Omron.<\/p>\n<p><a href=\"http:\/\/f5len.org\/blog\/wp-content\/uploads\/2025\/05\/20250501_tuner-rotated-e1748446825336.jpg\"><img loading=\"lazy\" decoding=\"async\" class=\"aligncenter size-large wp-image-1787\" src=\"http:\/\/f5len.org\/blog\/wp-content\/uploads\/2025\/05\/20250501_tuner-rotated-e1748446825336-768x1024.jpg\" alt=\"\" width=\"584\" height=\"779\" srcset=\"https:\/\/f5len.org\/blog\/wp-content\/uploads\/2025\/05\/20250501_tuner-rotated-e1748446825336-768x1024.jpg 768w, https:\/\/f5len.org\/blog\/wp-content\/uploads\/2025\/05\/20250501_tuner-rotated-e1748446825336-225x300.jpg 225w, https:\/\/f5len.org\/blog\/wp-content\/uploads\/2025\/05\/20250501_tuner-rotated-e1748446825336.jpg 800w\" sizes=\"auto, (max-width: 584px) 100vw, 584px\" \/><\/a><\/p>\n<p>De plus la bobine a \u00e9t\u00e9 refaite avec de la durite de frein.<\/p>\n<p><span style=\"color: #ffffff;\">20cal antenna, ATU, raidals, matching network.<\/span><\/p>\n","protected":false},"excerpt":{"rendered":"<p>Introduction J&rsquo;ai utilis\u00e9 pendant plusieurs ann\u00e9es avec un certain succ\u00e8s sur 40 et 30m une antenne verticale constitu\u00e9e d&rsquo;une simple canne \u00e0 p\u00eache de 7,5 m. J&rsquo;avais le projet de mettre \u00e0 jour cette installation pour utiliser un brin rayonnant &hellip; <a href=\"https:\/\/f5len.org\/blog\/projets\/antenne-verticale-multi-bande\/\">Continuer la lecture <span class=\"meta-nav\">&rarr;<\/span><\/a><\/p>\n","protected":false},"author":2,"featured_media":0,"parent":664,"menu_order":2,"comment_status":"closed","ping_status":"closed","template":"","meta":{"footnotes":""},"class_list":["post-1462","page","type-page","status-publish","hentry"],"_links":{"self":[{"href":"https:\/\/f5len.org\/blog\/wp-json\/wp\/v2\/pages\/1462","targetHints":{"allow":["GET"]}}],"collection":[{"href":"https:\/\/f5len.org\/blog\/wp-json\/wp\/v2\/pages"}],"about":[{"href":"https:\/\/f5len.org\/blog\/wp-json\/wp\/v2\/types\/page"}],"author":[{"embeddable":true,"href":"https:\/\/f5len.org\/blog\/wp-json\/wp\/v2\/users\/2"}],"replies":[{"embeddable":true,"href":"https:\/\/f5len.org\/blog\/wp-json\/wp\/v2\/comments?post=1462"}],"version-history":[{"count":21,"href":"https:\/\/f5len.org\/blog\/wp-json\/wp\/v2\/pages\/1462\/revisions"}],"predecessor-version":[{"id":1489,"href":"https:\/\/f5len.org\/blog\/wp-json\/wp\/v2\/pages\/1462\/revisions\/1489"}],"up":[{"embeddable":true,"href":"https:\/\/f5len.org\/blog\/wp-json\/wp\/v2\/pages\/664"}],"wp:attachment":[{"href":"https:\/\/f5len.org\/blog\/wp-json\/wp\/v2\/media?parent=1462"}],"curies":[{"name":"wp","href":"https:\/\/api.w.org\/{rel}","templated":true}]}}