{"id":147,"date":"2012-10-16T10:08:35","date_gmt":"2012-10-16T08:08:35","guid":{"rendered":"http:\/\/f5len.org\/blog\/?page_id=147"},"modified":"2026-03-10T10:51:05","modified_gmt":"2026-03-10T09:51:05","slug":"introduction-a-lotw","status":"publish","type":"page","link":"https:\/\/f5len.org\/blog\/introduction-a-lotw\/","title":{"rendered":"Introduction \u00e0 LOTW"},"content":{"rendered":"<p><a href=\"http:\/\/f5len.org\/blog\/wp-content\/uploads\/2012\/10\/lotw-logo-x.jpg\"><img loading=\"lazy\" decoding=\"async\" class=\"alignleft size-full wp-image-148\" title=\"lotw-logo-x\" src=\"http:\/\/f5len.org\/blog\/wp-content\/uploads\/2012\/10\/lotw-logo-x.jpg\" alt=\"lotw-logo-x\" width=\"250\" height=\"173\" \/><\/a>Ci-dessous une introduction et des tutos pour vous connecter \u00e0 Logbook Of The World de l&rsquo;ARRL.<\/p>\n<p>&nbsp;<\/p>\n<p>&nbsp;<\/p>\n<p>&nbsp;<\/p>\n<p>Depuis le 31 octobre 2013 la version 2 des logiciels n\u00e9cessaire \u00e0 l&rsquo;utilisation de LOTW est dipsonible. Cette mise \u00e0 jour majeure, fond les deux logiciel pr\u00e9c\u00e9dents TSQLLcert et TQSL en un seul et apporte une pr\u00e9sentation un peu diff\u00e9rente m\u00eame si le principe de fonctionnement reste strictement identique.<br \/>\nJ&rsquo;ai donc \u00e9crit \u00a0<a href=\"http:\/\/f5len.org\/blog\/wp-content\/uploads\/2013\/11\/LOTW.pdf\">un nouveau tutoriel sous forme d&rsquo;un PDF<\/a> qui d\u00e9crit le fonctionnement de LOTW avec cette nouvelle version.<\/p>\n<p>Version 2\u00a0<a href=\"http:\/\/f5len.org\/blog\/wp-content\/uploads\/2013\/11\/LOTW.pdf\">Tuto complet pour l&rsquo;installation, l&rsquo;enregistrement et d\u00e9buter avec LOTW<\/a>.<\/p>\n<p>Version 1\u00a0<a href=\"http:\/\/www.f5len.org\/articles\/lotw\/\">Tuto complet pour l&rsquo;installation, l&rsquo;enregistrement et d\u00e9buter avec LOTW.<\/a><\/p>\n<p><a href=\"http:\/\/www.f5len.org\/articles\/lotw\/index6.html\">Comment sauvegarder et restaurer un certificat LOTW.<\/a><\/p>\n<p><a href=\"http:\/\/www.f5len.org\/articles\/lotw\/index7.html\">Renouvellement d&rsquo;un certificat LOTW.<\/a><\/p>\n<p>FAQ:<\/p>\n<ul>\n<li><a href=\"http:\/\/www.f5len.org\/articles\/lotw\/faq.html\">Perte d&rsquo;un certificat, crash, migration vers un nouveau PC<\/a>.<\/li>\n<li><a href=\"http:\/\/f5len.org\/articles\/lotw\/Deplacer_certif.pdf\">D\u00e9placer les certificats LOTW sur un autre PC (Par F6ITD).<\/a><\/li>\n<li><a href=\"http:\/\/www.f5len.org\/articles\/lotw\/faq.html\">Renouvellement d&rsquo;un certificat<\/a><\/li>\n<li><a href=\"http:\/\/www.f5len.org\/articles\/lotw\/faq.html\">J&rsquo;ai chang\u00e9 d&rsquo;indicatif ou je veux valider les qso d&rsquo;un ancien indicatif<\/a><\/li>\n<li><a href=\"http:\/\/www.f5len.org\/articles\/lotw\/faq.html\">Fondre mes diff\u00e9rents indicatifs dans un seul compte DXCC<\/a><\/li>\n<li><a href=\"http:\/\/www.f5len.org\/articles\/lotw\/faq.html\">Message d&rsquo;erreur \u00ab\u00a0Errors Certificate QSO date out of range on line\u00a0\u00bb<\/a><\/li>\n<li><a href=\"http:\/\/www.f5len.org\/articles\/lotw\/faq.html\">Peut-on utiliser TQSL sur plusieurs ordinateurs?<\/a><\/li>\n<li><a href=\"http:\/\/www.f5len.org\/articles\/lotw\/faq.html\">Peut-on savoir si des QSL sont en attente chez d&rsquo;autres participants \u00e0 LOTW<\/a><\/li>\n<li><a href=\"http:\/\/www.f5len.org\/articles\/lotw\/faq.html\">Status de la file d&rsquo;attente du syst\u00e8me LOTW<\/a><\/li>\n<\/ul>\n<p><em>Nota: ces informations ont \u00a0\u00e9t\u00e9 publi\u00e9es il y a plusieurs ann\u00e9es \u00e0 titre b\u00e9n\u00e9vole et je ne suis pas charg\u00e9 du support de LOTW en France ou pour les pays francophones.<\/em><br \/>\n<em> Pardonnez-moi si je ne r\u00e9ponds pas dans l&rsquo;heure aux demandes d&rsquo;assistances diverses et vari\u00e9es(&#8230;).<\/em> \u00a0\ud83d\ude09<\/p>\n<p>&nbsp;<\/p>\n","protected":false},"excerpt":{"rendered":"<p>Ci-dessous une introduction et des tutos pour vous connecter \u00e0 Logbook Of The World de l&rsquo;ARRL. &nbsp; &nbsp; &nbsp; Depuis le 31 octobre 2013 la version 2 des logiciels n\u00e9cessaire \u00e0 l&rsquo;utilisation de LOTW est dipsonible. Cette mise \u00e0 jour &hellip; <a href=\"https:\/\/f5len.org\/blog\/introduction-a-lotw\/\">Continuer la lecture <span class=\"meta-nav\">&rarr;<\/span><\/a><\/p>\n","protected":false},"author":1,"featured_media":0,"parent":0,"menu_order":0,"comment_status":"closed","ping_status":"closed","template":"","meta":{"footnotes":""},"class_list":["post-147","page","type-page","status-publish","hentry"],"_links":{"self":[{"href":"https:\/\/f5len.org\/blog\/wp-json\/wp\/v2\/pages\/147","targetHints":{"allow":["GET"]}}],"collection":[{"href":"https:\/\/f5len.org\/blog\/wp-json\/wp\/v2\/pages"}],"about":[{"href":"https:\/\/f5len.org\/blog\/wp-json\/wp\/v2\/types\/page"}],"author":[{"embeddable":true,"href":"https:\/\/f5len.org\/blog\/wp-json\/wp\/v2\/users\/1"}],"replies":[{"embeddable":true,"href":"https:\/\/f5len.org\/blog\/wp-json\/wp\/v2\/comments?post=147"}],"version-history":[{"count":16,"href":"https:\/\/f5len.org\/blog\/wp-json\/wp\/v2\/pages\/147\/revisions"}],"predecessor-version":[{"id":1870,"href":"https:\/\/f5len.org\/blog\/wp-json\/wp\/v2\/pages\/147\/revisions\/1870"}],"wp:attachment":[{"href":"https:\/\/f5len.org\/blog\/wp-json\/wp\/v2\/media?parent=147"}],"curies":[{"name":"wp","href":"https:\/\/api.w.org\/{rel}","templated":true}]}}