{"id":544,"date":"2013-03-21T16:09:10","date_gmt":"2013-03-21T15:09:10","guid":{"rendered":"http:\/\/f5len.org\/blog\/?page_id=544"},"modified":"2026-02-05T10:23:00","modified_gmt":"2026-02-05T09:23:00","slug":"ampli-et-filtre","status":"publish","type":"page","link":"https:\/\/f5len.org\/blog\/sismologie-amateur\/ampli-et-filtre\/","title":{"rendered":"Ampli et filtre"},"content":{"rendered":"<p>Le signal re\u00e7u par le capteur \u00e9tant tr\u00e8s faible (quelques 10\u00e8mes de mV) il faut pouvoir l&rsquo;amplifier suffisamment et surtout le filtrer. Les <a href=\"http:\/\/fr.wikipedia.org\/wiki\/Onde_sismique\" target=\"_blank\" rel=\"noopener\">ondes sismiques<\/a> ont une fr\u00e9quence pour les plus lointaines tr\u00e8s inf\u00e9rieure au Hz.<\/p>\n<p>Le montage que j&rsquo;exp\u00e9rimente actuellement utilise deux circuits:<\/p>\n<ul>\n<li>un amplificateur <a href=\"http:\/\/www.ti.com\/lit\/ds\/symlink\/ina128.pdf\" target=\"_blank\" rel=\"noopener\">INA128<\/a><\/li>\n<li>un filtre <a href=\"http:\/\/www.maximintegrated.com\/en\/products\/analog\/analog-filters\/MAX293.html\" target=\"_blank\" rel=\"noopener\">MAX 293<\/a>\u00a0\u00a0(il en existe des plus r\u00e9cents). C&rsquo;est un passe bas du 8\u00e8me ordre<\/li>\n<\/ul>\n<p><strong>\u00a0Etage amplificateur (G ~ 4200)<\/strong><\/p>\n<p><a href=\"http:\/\/f5len.org\/blog\/wp-content\/uploads\/2013\/03\/pre-amp.jpg\"><img loading=\"lazy\" decoding=\"async\" class=\"aligncenter size-full wp-image-887\" src=\"http:\/\/f5len.org\/blog\/wp-content\/uploads\/2013\/03\/pre-amp.jpg\" alt=\"pre-amp\" width=\"464\" height=\"302\" srcset=\"https:\/\/f5len.org\/blog\/wp-content\/uploads\/2013\/03\/pre-amp.jpg 464w, https:\/\/f5len.org\/blog\/wp-content\/uploads\/2013\/03\/pre-amp-300x195.jpg 300w, https:\/\/f5len.org\/blog\/wp-content\/uploads\/2013\/03\/pre-amp-460x300.jpg 460w\" sizes=\"auto, (max-width: 464px) 100vw, 464px\" \/><\/a><\/p>\n<p>La mise en oeuvre est celle que l&rsquo;on trouve dans la datasheet pour un microphone. Attention \u00e0 ne pas n\u00e9glig\u00e9 le d\u00e9couplage des alim +\/-5V. Les r\u00e9sistances d&rsquo;entr\u00e9e sont \u00e9quivalentes \u00e0 la r\u00e9sistance interne de la bobine.<\/p>\n<p>&nbsp;<\/p>\n<p><a href=\"http:\/\/f5len.org\/blog\/wp-content\/uploads\/2013\/03\/filtre.jpg\"><img loading=\"lazy\" decoding=\"async\" class=\"aligncenter size-full wp-image-882\" src=\"http:\/\/f5len.org\/blog\/wp-content\/uploads\/2013\/03\/filtre.jpg\" alt=\"filtre\" width=\"487\" height=\"326\" srcset=\"https:\/\/f5len.org\/blog\/wp-content\/uploads\/2013\/03\/filtre.jpg 487w, https:\/\/f5len.org\/blog\/wp-content\/uploads\/2013\/03\/filtre-300x200.jpg 300w, https:\/\/f5len.org\/blog\/wp-content\/uploads\/2013\/03\/filtre-448x300.jpg 448w\" sizes=\"auto, (max-width: 487px) 100vw, 487px\" \/><\/a>L&rsquo;utilisation de ce filtre est d&rsquo;une grande simplicit\u00e9. L\u00e0 encore, bien d\u00e9coupler les alimentations. La fr\u00e9quence de coupure est fix\u00e9e par l&rsquo;oscillateur interne dont la fr\u00e9quence est fix\u00e9e par la capa de 330 nF. On peut utiliser un oscillateur externe comme un bon vieux NE555.<br \/>\nIl est pr\u00e9f\u00e9rable de mettre des diodes t\u00eate b\u00eache \u00e0 l&rsquo;entr\u00e9e de l&rsquo;amplificateur par exemple des 1N4148. Quand on fait des essais on peut vite \u00ab\u00a0tr\u00e9bucher\u00a0\u00bb dans le capteur et induire alors des tensions tr\u00e8s \u00e9lev\u00e9es dans le montage. Ces tensions se propagent alors vers le filtre, qui n&rsquo;aime pas, mais alors, pas du tout l&rsquo;aventure. On a pas droit \u00e0 une seconde chance, c&rsquo;est direct \u00e0 la poubelle.<\/p>\n<p>Un autre solution bien plus \u00e9prouv\u00e9e:<\/p>\n<p><img loading=\"lazy\" decoding=\"async\" class=\"aligncenter\" src=\"http:\/\/jclahr.com\/science\/psn\/epics\/reports\/folded\/folded_files\/image024.gif\" alt=\"\" width=\"576\" height=\"252\" \/><\/p>\n<p>Le \u00a0filtre \u00e0 base de TL082 pourrait \u00eatre remplac\u00e9 par un MAXxx<\/p>\n<p>Voir ici:\u00a0<a href=\"http:\/\/jclahr.com\/science\/psn\/epics\/reports\/folded\/\" target=\"_blank\" rel=\"noopener\">http:\/\/jclahr.com\/science\/psn\/epics\/reports\/folded\/<\/a><\/p>\n<p>&nbsp;<\/p>\n","protected":false},"excerpt":{"rendered":"<p>Le signal re\u00e7u par le capteur \u00e9tant tr\u00e8s faible (quelques 10\u00e8mes de mV) il faut pouvoir l&rsquo;amplifier suffisamment et surtout le filtrer. Les ondes sismiques ont une fr\u00e9quence pour les plus lointaines tr\u00e8s inf\u00e9rieure au Hz. Le montage que j&rsquo;exp\u00e9rimente &hellip; <a href=\"https:\/\/f5len.org\/blog\/sismologie-amateur\/ampli-et-filtre\/\">Continuer la lecture <span class=\"meta-nav\">&rarr;<\/span><\/a><\/p>\n","protected":false},"author":1,"featured_media":0,"parent":495,"menu_order":4,"comment_status":"closed","ping_status":"closed","template":"","meta":{"footnotes":""},"class_list":["post-544","page","type-page","status-publish","hentry"],"_links":{"self":[{"href":"https:\/\/f5len.org\/blog\/wp-json\/wp\/v2\/pages\/544","targetHints":{"allow":["GET"]}}],"collection":[{"href":"https:\/\/f5len.org\/blog\/wp-json\/wp\/v2\/pages"}],"about":[{"href":"https:\/\/f5len.org\/blog\/wp-json\/wp\/v2\/types\/page"}],"author":[{"embeddable":true,"href":"https:\/\/f5len.org\/blog\/wp-json\/wp\/v2\/users\/1"}],"replies":[{"embeddable":true,"href":"https:\/\/f5len.org\/blog\/wp-json\/wp\/v2\/comments?post=544"}],"version-history":[{"count":13,"href":"https:\/\/f5len.org\/blog\/wp-json\/wp\/v2\/pages\/544\/revisions"}],"predecessor-version":[{"id":1863,"href":"https:\/\/f5len.org\/blog\/wp-json\/wp\/v2\/pages\/544\/revisions\/1863"}],"up":[{"embeddable":true,"href":"https:\/\/f5len.org\/blog\/wp-json\/wp\/v2\/pages\/495"}],"wp:attachment":[{"href":"https:\/\/f5len.org\/blog\/wp-json\/wp\/v2\/media?parent=544"}],"curies":[{"name":"wp","href":"https:\/\/api.w.org\/{rel}","templated":true}]}}