{"id":667,"date":"2013-07-11T15:19:41","date_gmt":"2013-07-11T13:19:41","guid":{"rendered":"http:\/\/f5len.org\/blog\/?page_id=667"},"modified":"2026-02-24T10:54:23","modified_gmt":"2026-02-24T09:54:23","slug":"previsions-indice-de-refraction-atmospherique","status":"publish","type":"page","link":"https:\/\/f5len.org\/blog\/projets\/previsions-indice-de-refraction-atmospherique\/","title":{"rendered":"Pr\u00e9visions tropo"},"content":{"rendered":"<p>Depuis l&rsquo;automne 2012, je publie des cartes de pr\u00e9visions de l&rsquo;indice de r\u00e9fraction atmosph\u00e9rique comme fonctionnalit\u00e9 suppl\u00e9mentaire au webcluster.<br \/>\nCes pr\u00e9visions sont directement issues des mod\u00e8les de pr\u00e9visions m\u00e9t\u00e9orologique de la NOAA.<\/p>\n<p>L&rsquo;indice de r\u00e9fraction permet d&rsquo;\u00e9valuer la fa\u00e7on dont les ondes \u00e9lectromagn\u00e9tiques VHF et au-del\u00e0 seront dirig\u00e9es ou courb\u00e9es vers la surface terrestre. Une onde \u00e9lectromagn\u00e9tique se dirige normalement en ligne droite comme le ferait un rayon lumineux. Dans certaines conditions le milieu qu&rsquo;elle traverse, l&rsquo;atmosph\u00e8re, n&rsquo;\u00e9tant pas homog\u00e8ne sur toute sa hauteur, permet de d\u00e9vier cette trajectoire rectiligne. C&rsquo;est une des conditions permettant les liaisons au-del\u00e0 de l&rsquo;horizon.<br \/>\nOn peut parfois constater que si les conditions sont r\u00e9unies, les ondes sont comme \u00ab\u00a0pi\u00e9g\u00e9es\u00a0\u00bb entre deux couches sur de tr\u00e8s longues distances comme on le ferait dans un guide d&rsquo;onde.<\/p>\n<p><img loading=\"lazy\" decoding=\"async\" src=\"http:\/\/cluster.f5len.org\/tropo\/tropo.gif\" alt=\"Pr\u00e9vision tropo - Tropospheric propgation forecast\" width=\"800\" height=\"618\" \/><\/p>\n<p>Les param\u00e8tres essentiels pris en compte dans ces calculs sont la temp\u00e9rature et l&rsquo;humidit\u00e9 de l&rsquo;air. Les calculs utilisent les donn\u00e9es entre le sol et une hauteur d&rsquo;environs 2000m. Les donn\u00e9es disponibles dans les mod\u00e8les permettent un calcul sur des \u00a0couches dont l&rsquo;\u00e9paisseur est d&rsquo;environs 250m. Les ph\u00e9nom\u00e8nes plus fins naissant entre deux couches ne pourront donc \u00eatre mis en \u00e9vidence. Mais pour la pratique du trafic qui nous int\u00e9resse ces ph\u00e9nom\u00e8nes sont marginaux.<br \/>\nD&rsquo;autre part, au del\u00e0 de l&rsquo;intensit\u00e9 des ph\u00e9nom\u00e8nes pr\u00e9vus mis en \u00e9vidence pas une \u00e9chelle de couleur comme le montre la carte ci-dessous, c&rsquo;est surtout l&rsquo;\u00e9tendue du ph\u00e9nom\u00e8ne, la surface mise en jeux qui sera int\u00e9ressante \u00e0 surveiller.<\/p>\n","protected":false},"excerpt":{"rendered":"<p>Depuis l&rsquo;automne 2012, je publie des cartes de pr\u00e9visions de l&rsquo;indice de r\u00e9fraction atmosph\u00e9rique comme fonctionnalit\u00e9 suppl\u00e9mentaire au webcluster. Ces pr\u00e9visions sont directement issues des mod\u00e8les de pr\u00e9visions m\u00e9t\u00e9orologique de la NOAA. L&rsquo;indice de r\u00e9fraction permet d&rsquo;\u00e9valuer la fa\u00e7on dont &hellip; <a href=\"https:\/\/f5len.org\/blog\/projets\/previsions-indice-de-refraction-atmospherique\/\">Continuer la lecture <span class=\"meta-nav\">&rarr;<\/span><\/a><\/p>\n","protected":false},"author":1,"featured_media":0,"parent":664,"menu_order":3,"comment_status":"closed","ping_status":"closed","template":"","meta":{"footnotes":""},"class_list":["post-667","page","type-page","status-publish","hentry"],"_links":{"self":[{"href":"https:\/\/f5len.org\/blog\/wp-json\/wp\/v2\/pages\/667","targetHints":{"allow":["GET"]}}],"collection":[{"href":"https:\/\/f5len.org\/blog\/wp-json\/wp\/v2\/pages"}],"about":[{"href":"https:\/\/f5len.org\/blog\/wp-json\/wp\/v2\/types\/page"}],"author":[{"embeddable":true,"href":"https:\/\/f5len.org\/blog\/wp-json\/wp\/v2\/users\/1"}],"replies":[{"embeddable":true,"href":"https:\/\/f5len.org\/blog\/wp-json\/wp\/v2\/comments?post=667"}],"version-history":[{"count":10,"href":"https:\/\/f5len.org\/blog\/wp-json\/wp\/v2\/pages\/667\/revisions"}],"predecessor-version":[{"id":1484,"href":"https:\/\/f5len.org\/blog\/wp-json\/wp\/v2\/pages\/667\/revisions\/1484"}],"up":[{"embeddable":true,"href":"https:\/\/f5len.org\/blog\/wp-json\/wp\/v2\/pages\/664"}],"wp:attachment":[{"href":"https:\/\/f5len.org\/blog\/wp-json\/wp\/v2\/media?parent=667"}],"curies":[{"name":"wp","href":"https:\/\/api.w.org\/{rel}","templated":true}]}}